{"id":6,"date":"2023-05-30T23:11:10","date_gmt":"2023-05-30T23:11:10","guid":{"rendered":"https:\/\/latidosfotografiayvideo.com\/?page_id=6"},"modified":"2025-11-18T21:34:19","modified_gmt":"2025-11-18T21:34:19","slug":"hermosos-portafolios-para-creativos-excepcionales","status":"publish","type":"page","link":"https:\/\/latidosfotografiayvideo.com\/","title":{"rendered":"\u00a1Historias de amor inmortalizadas en im\u00e1genes!"},"content":{"rendered":"\n<p class=\"has-text-align-center\"><meta charset=\"utf-8\">Entra en un mundo de magia y emociones. Nuestra p\u00e1gina web de fotograf\u00eda de bodas captura cada detalle y momento especial de tu gran d\u00eda, creando recuerdos eternos que te transportar\u00e1n a trav\u00e9s del tiempo.<\/p>\n\n\n\n<div style=\"height:55px\" aria-hidden=\"true\" class=\"wp-block-spacer\"><\/div>\n\n\n\n<div class=\"wp-block-group alignfull has-background is-layout-flow wp-block-group-is-layout-flow\" style=\"background-color:#e5e9ec\">\n<div class=\"wp-block-columns is-layout-flex wp-container-core-columns-is-layout-28f84493 wp-block-columns-is-layout-flex\">\n<div class=\"wp-block-column is-vertically-aligned-center is-layout-flow wp-block-column-is-layout-flow\">\n<h2 class=\"wp-block-heading\" style=\"margin-right:var(--wp--preset--spacing--x-small);margin-left:var(--wp--preset--spacing--x-small)\">As\u00ed somos, as\u00ed trabajamos<\/h2>\n\n\n\n<p style=\"margin-right:var(--wp--preset--spacing--x-small);margin-left:var(--wp--preset--spacing--x-small)\">\u00a1Bienvenidos a Latidos fotograf\u00eda y video! Somos apasionados de capturar los momentos m\u00e1s emocionantes y aut\u00e9nticos de tu d\u00eda especial. Con un enfoque documental, nuestra misi\u00f3n es contar la historia de tu boda de manera genuina y con un toque art\u00edstico \u00fanico. Desde los peque\u00f1os detalles hasta los grandes momentos, estamos aqu\u00ed para crear recuerdos que perdurar\u00e1n para siempre.<\/p>\n\n\n\n<div class=\"wp-block-buttons is-horizontal is-content-justification-center is-layout-flex wp-container-core-buttons-is-layout-03627597 wp-block-buttons-is-layout-flex\">\n<div class=\"wp-block-button is-style-outline is-style-outline--1\"><a class=\"wp-block-button__link wp-element-button\" href=\"#\">Nosotros<\/a><\/div>\n<\/div>\n\n\n\n<p><\/p>\n<\/div>\n\n\n\n<div class=\"wp-block-column is-layout-flow wp-block-column-is-layout-flow\">\n<figure class=\"wp-block-image size-large is-resized\" style=\"margin-right:0;margin-left:0\"><img loading=\"lazy\" decoding=\"async\" width=\"1024\" height=\"273\" src=\"https:\/\/latidosfotografiayvideo.com\/wp-content\/uploads\/2025\/10\/Latidos-Fotografia-y-video-2025-verde-1024x273.png\" alt=\"\" class=\"wp-image-93\" style=\"aspect-ratio:3.9834710743801653;object-fit:contain;width:288px;height:auto\" srcset=\"https:\/\/latidosfotografiayvideo.com\/wp-content\/uploads\/2025\/10\/Latidos-Fotografia-y-video-2025-verde-1024x273.png 1024w, https:\/\/latidosfotografiayvideo.com\/wp-content\/uploads\/2025\/10\/Latidos-Fotografia-y-video-2025-verde-300x80.png 300w, https:\/\/latidosfotografiayvideo.com\/wp-content\/uploads\/2025\/10\/Latidos-Fotografia-y-video-2025-verde-2000x534.png 2000w\" sizes=\"auto, (max-width: 1024px) 100vw, 1024px\" \/><\/figure>\n\n\n\n<div style=\"height:48px\" aria-hidden=\"true\" class=\"wp-block-spacer\"><\/div>\n<\/div>\n<\/div>\n<\/div>\n\n\n\n<div class=\"wp-block-group alignfull is-layout-flow wp-block-group-is-layout-flow\">\n<div class=\"wp-block-columns are-vertically-aligned-center is-layout-flex wp-container-core-columns-is-layout-28f84493 wp-block-columns-is-layout-flex\">\n<div class=\"wp-block-column is-vertically-aligned-center is-layout-flow wp-block-column-is-layout-flow\">\n<div style=\"height:48px\" aria-hidden=\"true\" class=\"wp-block-spacer\"><\/div>\n\n\n\n<figure class=\"wp-block-image size-large\"><img loading=\"lazy\" decoding=\"async\" width=\"1024\" height=\"683\" src=\"https:\/\/latidosfotografiayvideo.com\/wp-content\/uploads\/2023\/05\/ML-0013-1024x683.jpg\" alt=\"\" class=\"wp-image-54\" srcset=\"https:\/\/latidosfotografiayvideo.com\/wp-content\/uploads\/2023\/05\/ML-0013-1024x683.jpg 1024w, https:\/\/latidosfotografiayvideo.com\/wp-content\/uploads\/2023\/05\/ML-0013-300x200.jpg 300w, https:\/\/latidosfotografiayvideo.com\/wp-content\/uploads\/2023\/05\/ML-0013-768x512.jpg 768w, https:\/\/latidosfotografiayvideo.com\/wp-content\/uploads\/2023\/05\/ML-0013-1536x1024.jpg 1536w, https:\/\/latidosfotografiayvideo.com\/wp-content\/uploads\/2023\/05\/ML-0013-2000x1333.jpg 2000w, https:\/\/latidosfotografiayvideo.com\/wp-content\/uploads\/2023\/05\/ML-0013.jpg 2048w\" sizes=\"auto, (max-width: 1024px) 100vw, 1024px\" \/><\/figure>\n<\/div>\n\n\n\n<div class=\"wp-block-column is-vertically-aligned-center is-layout-flow wp-block-column-is-layout-flow\">\n<h2 class=\"wp-block-heading\" style=\"margin-right:var(--wp--preset--spacing--x-small);margin-left:var(--wp--preset--spacing--x-small)\"><br>\u00a1Cada historia late diferente!<\/h2>\n\n\n\n<p style=\"margin-right:var(--wp--preset--spacing--x-small);margin-left:var(--wp--preset--spacing--x-small)\"><br>En <em>Latidos<\/em> creemos que cada pareja tiene su propia forma de sentir, de mirarse y de vivir su historia. Nuestro trabajo es capturar esa esencia y transformarla en recuerdos que os acompa\u00f1en toda la vida.<\/p>\n\n\n\n<div class=\"wp-block-buttons is-content-justification-center is-layout-flex wp-container-core-buttons-is-layout-a89b3969 wp-block-buttons-is-layout-flex\">\n<div class=\"wp-block-button is-style-outline is-style-outline--2\"><a class=\"wp-block-button__link wp-element-button\" href=\"#\">Ver servicios<\/a><\/div>\n<\/div>\n<\/div>\n<\/div>\n<\/div>\n\n\n\n<div class=\"wp-block-group alignfull has-black-background-color has-background is-layout-flow wp-block-group-is-layout-flow\">\n<h2 class=\"wp-block-heading has-text-align-center has-white-color has-text-color\"><\/h2>\n\n\n\n<figure class=\"wp-block-gallery aligncenter has-nested-images columns-default is-cropped wp-block-gallery-3 is-layout-flex wp-block-gallery-is-layout-flex\">\n<figure data-wp-context=\"{&quot;imageId&quot;:&quot;69e4b8bcb5728&quot;}\" data-wp-interactive=\"core\/image\" class=\"wp-block-image size-large wp-lightbox-container\"><img loading=\"lazy\" decoding=\"async\" width=\"1024\" height=\"683\" data-wp-class--hide=\"state.isContentHidden\" data-wp-class--show=\"state.isContentVisible\" data-wp-init=\"callbacks.setButtonStyles\" data-wp-on-async--click=\"actions.showLightbox\" data-wp-on-async--load=\"callbacks.setButtonStyles\" data-wp-on-async-window--resize=\"callbacks.setButtonStyles\" data-id=\"55\" src=\"https:\/\/latidosfotografiayvideo.com\/wp-content\/uploads\/2023\/05\/ML-0030-1024x683.jpg\" alt=\"\" class=\"wp-image-55\" srcset=\"https:\/\/latidosfotografiayvideo.com\/wp-content\/uploads\/2023\/05\/ML-0030-1024x683.jpg 1024w, https:\/\/latidosfotografiayvideo.com\/wp-content\/uploads\/2023\/05\/ML-0030-300x200.jpg 300w, https:\/\/latidosfotografiayvideo.com\/wp-content\/uploads\/2023\/05\/ML-0030-768x512.jpg 768w, https:\/\/latidosfotografiayvideo.com\/wp-content\/uploads\/2023\/05\/ML-0030-1536x1024.jpg 1536w, https:\/\/latidosfotografiayvideo.com\/wp-content\/uploads\/2023\/05\/ML-0030-2000x1333.jpg 2000w, https:\/\/latidosfotografiayvideo.com\/wp-content\/uploads\/2023\/05\/ML-0030.jpg 2048w\" sizes=\"auto, (max-width: 1024px) 100vw, 1024px\" \/><button\n\t\t\tclass=\"lightbox-trigger\"\n\t\t\ttype=\"button\"\n\t\t\taria-haspopup=\"dialog\"\n\t\t\taria-label=\"Agrandar\"\n\t\t\tdata-wp-init=\"callbacks.initTriggerButton\"\n\t\t\tdata-wp-on-async--click=\"actions.showLightbox\"\n\t\t\tdata-wp-style--right=\"state.imageButtonRight\"\n\t\t\tdata-wp-style--top=\"state.imageButtonTop\"\n\t\t>\n\t\t\t<svg xmlns=\"http:\/\/www.w3.org\/2000\/svg\" width=\"12\" height=\"12\" fill=\"none\" viewBox=\"0 0 12 12\">\n\t\t\t\t<path fill=\"#fff\" d=\"M2 0a2 2 0 0 0-2 2v2h1.5V2a.5.5 0 0 1 .5-.5h2V0H2Zm2 10.5H2a.5.5 0 0 1-.5-.5V8H0v2a2 2 0 0 0 2 2h2v-1.5ZM8 12v-1.5h2a.5.5 0 0 0 .5-.5V8H12v2a2 2 0 0 1-2 2H8Zm2-12a2 2 0 0 1 2 2v2h-1.5V2a.5.5 0 0 0-.5-.5H8V0h2Z\" \/>\n\t\t\t<\/svg>\n\t\t<\/button><\/figure>\n\n\n\n<figure data-wp-context=\"{&quot;imageId&quot;:&quot;69e4b8bcb5a6b&quot;}\" data-wp-interactive=\"core\/image\" class=\"wp-block-image size-large wp-lightbox-container\"><img loading=\"lazy\" decoding=\"async\" width=\"1024\" height=\"683\" data-wp-class--hide=\"state.isContentHidden\" data-wp-class--show=\"state.isContentVisible\" data-wp-init=\"callbacks.setButtonStyles\" data-wp-on-async--click=\"actions.showLightbox\" data-wp-on-async--load=\"callbacks.setButtonStyles\" data-wp-on-async-window--resize=\"callbacks.setButtonStyles\" data-id=\"53\" src=\"https:\/\/latidosfotografiayvideo.com\/wp-content\/uploads\/2023\/05\/DETALLES-NOVIA-1024x683.jpg\" alt=\"\" class=\"wp-image-53\" srcset=\"https:\/\/latidosfotografiayvideo.com\/wp-content\/uploads\/2023\/05\/DETALLES-NOVIA-1024x683.jpg 1024w, https:\/\/latidosfotografiayvideo.com\/wp-content\/uploads\/2023\/05\/DETALLES-NOVIA-300x200.jpg 300w, https:\/\/latidosfotografiayvideo.com\/wp-content\/uploads\/2023\/05\/DETALLES-NOVIA-768x512.jpg 768w, https:\/\/latidosfotografiayvideo.com\/wp-content\/uploads\/2023\/05\/DETALLES-NOVIA-1536x1024.jpg 1536w, https:\/\/latidosfotografiayvideo.com\/wp-content\/uploads\/2023\/05\/DETALLES-NOVIA-2048x1365.jpg 2048w, https:\/\/latidosfotografiayvideo.com\/wp-content\/uploads\/2023\/05\/DETALLES-NOVIA-2000x1333.jpg 2000w\" sizes=\"auto, (max-width: 1024px) 100vw, 1024px\" \/><button\n\t\t\tclass=\"lightbox-trigger\"\n\t\t\ttype=\"button\"\n\t\t\taria-haspopup=\"dialog\"\n\t\t\taria-label=\"Agrandar\"\n\t\t\tdata-wp-init=\"callbacks.initTriggerButton\"\n\t\t\tdata-wp-on-async--click=\"actions.showLightbox\"\n\t\t\tdata-wp-style--right=\"state.imageButtonRight\"\n\t\t\tdata-wp-style--top=\"state.imageButtonTop\"\n\t\t>\n\t\t\t<svg xmlns=\"http:\/\/www.w3.org\/2000\/svg\" width=\"12\" height=\"12\" fill=\"none\" viewBox=\"0 0 12 12\">\n\t\t\t\t<path fill=\"#fff\" d=\"M2 0a2 2 0 0 0-2 2v2h1.5V2a.5.5 0 0 1 .5-.5h2V0H2Zm2 10.5H2a.5.5 0 0 1-.5-.5V8H0v2a2 2 0 0 0 2 2h2v-1.5ZM8 12v-1.5h2a.5.5 0 0 0 .5-.5V8H12v2a2 2 0 0 1-2 2H8Zm2-12a2 2 0 0 1 2 2v2h-1.5V2a.5.5 0 0 0-.5-.5H8V0h2Z\" \/>\n\t\t\t<\/svg>\n\t\t<\/button><\/figure>\n\n\n\n<figure data-wp-context=\"{&quot;imageId&quot;:&quot;69e4b8bcb5d43&quot;}\" data-wp-interactive=\"core\/image\" class=\"wp-block-image size-large is-style-default wp-lightbox-container\"><img loading=\"lazy\" decoding=\"async\" width=\"1024\" height=\"683\" data-wp-class--hide=\"state.isContentHidden\" data-wp-class--show=\"state.isContentVisible\" data-wp-init=\"callbacks.setButtonStyles\" data-wp-on-async--click=\"actions.showLightbox\" data-wp-on-async--load=\"callbacks.setButtonStyles\" data-wp-on-async-window--resize=\"callbacks.setButtonStyles\" data-id=\"52\" src=\"https:\/\/latidosfotografiayvideo.com\/wp-content\/uploads\/2023\/05\/ML-0067-1024x683.jpg\" alt=\"\" class=\"wp-image-52\" srcset=\"https:\/\/latidosfotografiayvideo.com\/wp-content\/uploads\/2023\/05\/ML-0067-1024x683.jpg 1024w, https:\/\/latidosfotografiayvideo.com\/wp-content\/uploads\/2023\/05\/ML-0067-300x200.jpg 300w, https:\/\/latidosfotografiayvideo.com\/wp-content\/uploads\/2023\/05\/ML-0067-768x512.jpg 768w, https:\/\/latidosfotografiayvideo.com\/wp-content\/uploads\/2023\/05\/ML-0067-1536x1024.jpg 1536w, https:\/\/latidosfotografiayvideo.com\/wp-content\/uploads\/2023\/05\/ML-0067-2000x1333.jpg 2000w, https:\/\/latidosfotografiayvideo.com\/wp-content\/uploads\/2023\/05\/ML-0067.jpg 2048w\" sizes=\"auto, (max-width: 1024px) 100vw, 1024px\" \/><button\n\t\t\tclass=\"lightbox-trigger\"\n\t\t\ttype=\"button\"\n\t\t\taria-haspopup=\"dialog\"\n\t\t\taria-label=\"Agrandar\"\n\t\t\tdata-wp-init=\"callbacks.initTriggerButton\"\n\t\t\tdata-wp-on-async--click=\"actions.showLightbox\"\n\t\t\tdata-wp-style--right=\"state.imageButtonRight\"\n\t\t\tdata-wp-style--top=\"state.imageButtonTop\"\n\t\t>\n\t\t\t<svg xmlns=\"http:\/\/www.w3.org\/2000\/svg\" width=\"12\" height=\"12\" fill=\"none\" viewBox=\"0 0 12 12\">\n\t\t\t\t<path fill=\"#fff\" d=\"M2 0a2 2 0 0 0-2 2v2h1.5V2a.5.5 0 0 1 .5-.5h2V0H2Zm2 10.5H2a.5.5 0 0 1-.5-.5V8H0v2a2 2 0 0 0 2 2h2v-1.5ZM8 12v-1.5h2a.5.5 0 0 0 .5-.5V8H12v2a2 2 0 0 1-2 2H8Zm2-12a2 2 0 0 1 2 2v2h-1.5V2a.5.5 0 0 0-.5-.5H8V0h2Z\" \/>\n\t\t\t<\/svg>\n\t\t<\/button><\/figure>\n\n\n\n<figure data-wp-context=\"{&quot;imageId&quot;:&quot;69e4b8bcb6038&quot;}\" data-wp-interactive=\"core\/image\" class=\"wp-block-image size-large wp-lightbox-container\"><img loading=\"lazy\" decoding=\"async\" width=\"1024\" height=\"613\" data-wp-class--hide=\"state.isContentHidden\" data-wp-class--show=\"state.isContentVisible\" data-wp-init=\"callbacks.setButtonStyles\" data-wp-on-async--click=\"actions.showLightbox\" data-wp-on-async--load=\"callbacks.setButtonStyles\" data-wp-on-async-window--resize=\"callbacks.setButtonStyles\" data-id=\"20\" src=\"https:\/\/latidosfotografiayvideo.com\/wp-content\/uploads\/2023\/05\/cropped-ML-0072-1024x613.jpg\" alt=\"\" class=\"wp-image-20\" srcset=\"https:\/\/latidosfotografiayvideo.com\/wp-content\/uploads\/2023\/05\/cropped-ML-0072-1024x613.jpg 1024w, https:\/\/latidosfotografiayvideo.com\/wp-content\/uploads\/2023\/05\/cropped-ML-0072-300x180.jpg 300w, https:\/\/latidosfotografiayvideo.com\/wp-content\/uploads\/2023\/05\/cropped-ML-0072-768x460.jpg 768w, https:\/\/latidosfotografiayvideo.com\/wp-content\/uploads\/2023\/05\/cropped-ML-0072-1536x920.jpg 1536w, https:\/\/latidosfotografiayvideo.com\/wp-content\/uploads\/2023\/05\/cropped-ML-0072.jpg 2000w\" sizes=\"auto, (max-width: 1024px) 100vw, 1024px\" \/><button\n\t\t\tclass=\"lightbox-trigger\"\n\t\t\ttype=\"button\"\n\t\t\taria-haspopup=\"dialog\"\n\t\t\taria-label=\"Agrandar\"\n\t\t\tdata-wp-init=\"callbacks.initTriggerButton\"\n\t\t\tdata-wp-on-async--click=\"actions.showLightbox\"\n\t\t\tdata-wp-style--right=\"state.imageButtonRight\"\n\t\t\tdata-wp-style--top=\"state.imageButtonTop\"\n\t\t>\n\t\t\t<svg xmlns=\"http:\/\/www.w3.org\/2000\/svg\" width=\"12\" height=\"12\" fill=\"none\" viewBox=\"0 0 12 12\">\n\t\t\t\t<path fill=\"#fff\" d=\"M2 0a2 2 0 0 0-2 2v2h1.5V2a.5.5 0 0 1 .5-.5h2V0H2Zm2 10.5H2a.5.5 0 0 1-.5-.5V8H0v2a2 2 0 0 0 2 2h2v-1.5ZM8 12v-1.5h2a.5.5 0 0 0 .5-.5V8H12v2a2 2 0 0 1-2 2H8Zm2-12a2 2 0 0 1 2 2v2h-1.5V2a.5.5 0 0 0-.5-.5H8V0h2Z\" \/>\n\t\t\t<\/svg>\n\t\t<\/button><\/figure>\n\n\n\n<figure data-wp-context=\"{&quot;imageId&quot;:&quot;69e4b8bcb6335&quot;}\" data-wp-interactive=\"core\/image\" class=\"wp-block-image size-large wp-lightbox-container\"><img loading=\"lazy\" decoding=\"async\" width=\"1024\" height=\"683\" data-wp-class--hide=\"state.isContentHidden\" data-wp-class--show=\"state.isContentVisible\" data-wp-init=\"callbacks.setButtonStyles\" data-wp-on-async--click=\"actions.showLightbox\" data-wp-on-async--load=\"callbacks.setButtonStyles\" data-wp-on-async-window--resize=\"callbacks.setButtonStyles\" data-id=\"50\" src=\"https:\/\/latidosfotografiayvideo.com\/wp-content\/uploads\/2023\/05\/ML-0077-1024x683.jpg\" alt=\"\" class=\"wp-image-50\" srcset=\"https:\/\/latidosfotografiayvideo.com\/wp-content\/uploads\/2023\/05\/ML-0077-1024x683.jpg 1024w, https:\/\/latidosfotografiayvideo.com\/wp-content\/uploads\/2023\/05\/ML-0077-300x200.jpg 300w, https:\/\/latidosfotografiayvideo.com\/wp-content\/uploads\/2023\/05\/ML-0077-768x512.jpg 768w, https:\/\/latidosfotografiayvideo.com\/wp-content\/uploads\/2023\/05\/ML-0077-1536x1024.jpg 1536w, https:\/\/latidosfotografiayvideo.com\/wp-content\/uploads\/2023\/05\/ML-0077-2000x1333.jpg 2000w, https:\/\/latidosfotografiayvideo.com\/wp-content\/uploads\/2023\/05\/ML-0077.jpg 2048w\" sizes=\"auto, (max-width: 1024px) 100vw, 1024px\" \/><button\n\t\t\tclass=\"lightbox-trigger\"\n\t\t\ttype=\"button\"\n\t\t\taria-haspopup=\"dialog\"\n\t\t\taria-label=\"Agrandar\"\n\t\t\tdata-wp-init=\"callbacks.initTriggerButton\"\n\t\t\tdata-wp-on-async--click=\"actions.showLightbox\"\n\t\t\tdata-wp-style--right=\"state.imageButtonRight\"\n\t\t\tdata-wp-style--top=\"state.imageButtonTop\"\n\t\t>\n\t\t\t<svg xmlns=\"http:\/\/www.w3.org\/2000\/svg\" width=\"12\" height=\"12\" fill=\"none\" viewBox=\"0 0 12 12\">\n\t\t\t\t<path fill=\"#fff\" d=\"M2 0a2 2 0 0 0-2 2v2h1.5V2a.5.5 0 0 1 .5-.5h2V0H2Zm2 10.5H2a.5.5 0 0 1-.5-.5V8H0v2a2 2 0 0 0 2 2h2v-1.5ZM8 12v-1.5h2a.5.5 0 0 0 .5-.5V8H12v2a2 2 0 0 1-2 2H8Zm2-12a2 2 0 0 1 2 2v2h-1.5V2a.5.5 0 0 0-.5-.5H8V0h2Z\" \/>\n\t\t\t<\/svg>\n\t\t<\/button><\/figure>\n\n\n\n<figure data-wp-context=\"{&quot;imageId&quot;:&quot;69e4b8bcb65fd&quot;}\" data-wp-interactive=\"core\/image\" class=\"wp-block-image size-large wp-lightbox-container\"><img loading=\"lazy\" decoding=\"async\" width=\"1024\" height=\"683\" data-wp-class--hide=\"state.isContentHidden\" data-wp-class--show=\"state.isContentVisible\" data-wp-init=\"callbacks.setButtonStyles\" data-wp-on-async--click=\"actions.showLightbox\" data-wp-on-async--load=\"callbacks.setButtonStyles\" data-wp-on-async-window--resize=\"callbacks.setButtonStyles\" data-id=\"51\" src=\"https:\/\/latidosfotografiayvideo.com\/wp-content\/uploads\/2023\/05\/ML-0079-1024x683.jpg\" alt=\"\" class=\"wp-image-51\" srcset=\"https:\/\/latidosfotografiayvideo.com\/wp-content\/uploads\/2023\/05\/ML-0079-1024x683.jpg 1024w, https:\/\/latidosfotografiayvideo.com\/wp-content\/uploads\/2023\/05\/ML-0079-300x200.jpg 300w, https:\/\/latidosfotografiayvideo.com\/wp-content\/uploads\/2023\/05\/ML-0079-768x512.jpg 768w, https:\/\/latidosfotografiayvideo.com\/wp-content\/uploads\/2023\/05\/ML-0079-1536x1024.jpg 1536w, https:\/\/latidosfotografiayvideo.com\/wp-content\/uploads\/2023\/05\/ML-0079-2000x1333.jpg 2000w, https:\/\/latidosfotografiayvideo.com\/wp-content\/uploads\/2023\/05\/ML-0079.jpg 2048w\" sizes=\"auto, (max-width: 1024px) 100vw, 1024px\" \/><button\n\t\t\tclass=\"lightbox-trigger\"\n\t\t\ttype=\"button\"\n\t\t\taria-haspopup=\"dialog\"\n\t\t\taria-label=\"Agrandar\"\n\t\t\tdata-wp-init=\"callbacks.initTriggerButton\"\n\t\t\tdata-wp-on-async--click=\"actions.showLightbox\"\n\t\t\tdata-wp-style--right=\"state.imageButtonRight\"\n\t\t\tdata-wp-style--top=\"state.imageButtonTop\"\n\t\t>\n\t\t\t<svg xmlns=\"http:\/\/www.w3.org\/2000\/svg\" width=\"12\" height=\"12\" fill=\"none\" viewBox=\"0 0 12 12\">\n\t\t\t\t<path fill=\"#fff\" d=\"M2 0a2 2 0 0 0-2 2v2h1.5V2a.5.5 0 0 1 .5-.5h2V0H2Zm2 10.5H2a.5.5 0 0 1-.5-.5V8H0v2a2 2 0 0 0 2 2h2v-1.5ZM8 12v-1.5h2a.5.5 0 0 0 .5-.5V8H12v2a2 2 0 0 1-2 2H8Zm2-12a2 2 0 0 1 2 2v2h-1.5V2a.5.5 0 0 0-.5-.5H8V0h2Z\" \/>\n\t\t\t<\/svg>\n\t\t<\/button><\/figure>\n<\/figure>\n<\/div>\n\n\n\n<div class=\"wp-block-cover alignfull has-parallax is-position-center-center\" style=\"min-height:375px;aspect-ratio:unset;\"><div class=\"wp-block-cover__image-background wp-image-20 size-large has-parallax\" style=\"background-position:50% 50%;background-image:url(https:\/\/latidosfotografiayvideo.com\/wp-content\/uploads\/2023\/05\/cropped-ML-0072-1024x613.jpg)\"><\/div><span aria-hidden=\"true\" class=\"wp-block-cover__background has-black-background-color has-background-dim-40 has-background-dim\"><\/span><div class=\"wp-block-cover__inner-container is-layout-flow wp-block-cover-is-layout-flow\">\n<p class=\"has-text-align-center has-text-color has-huge-font-size\" style=\"color:#fffffa;line-height:1.1\"><strong>Capturamos lo que hace \u00fanico tu<\/strong> <strong>\u00a1s\u00ed, quiero!<\/strong><\/p>\n\n\n\n<p class=\"has-text-align-center\"><br><br>Cada historia de amor late distinto. D\u00e9janos contar la tuya con la luz, el alma y el coraz\u00f3n.<\/p>\n\n\n\n<div style=\"height:39px\" aria-hidden=\"true\" class=\"wp-block-spacer\"><\/div>\n\n\n\n<div class=\"wp-block-buttons is-horizontal is-content-justification-center is-layout-flex wp-container-core-buttons-is-layout-03627597 wp-block-buttons-is-layout-flex\">\n<div class=\"wp-block-button is-style-outline is-style-outline--4\"><a class=\"wp-block-button__link has-white-color has-text-color wp-element-button\" href=\"#\">\u00a1Conectemos!<\/a><\/div>\n<\/div>\n<\/div><\/div>\n\n\n\n<p><\/p>\n","protected":false},"excerpt":{"rendered":"<p>Entra en un mundo de magia y emociones. Nuestra p\u00e1gina web de fotograf\u00eda de bodas captura cada detalle y momento especial de tu gran d\u00eda, creando recuerdos eternos que te transportar\u00e1n a trav\u00e9s del tiempo. As\u00ed somos, as\u00ed trabajamos \u00a1Bienvenidos a Latidos fotograf\u00eda y video! Somos apasionados de capturar los momentos m\u00e1s emocionantes y aut\u00e9nticos &hellip; <\/p>\n<p class=\"link-more\"><a href=\"https:\/\/latidosfotografiayvideo.com\/\" class=\"more-link\">Leer m\u00e1s<span class=\"screen-reader-text\"> \u00ab\u00a1Historias de amor inmortalizadas en im\u00e1genes!\u00bb<\/span><\/a><\/p>\n","protected":false},"author":1,"featured_media":0,"parent":0,"menu_order":0,"comment_status":"closed","ping_status":"closed","template":"","meta":{"footnotes":""},"class_list":["post-6","page","type-page","status-publish","hentry"],"_links":{"self":[{"href":"https:\/\/latidosfotografiayvideo.com\/index.php\/wp-json\/wp\/v2\/pages\/6","targetHints":{"allow":["GET"]}}],"collection":[{"href":"https:\/\/latidosfotografiayvideo.com\/index.php\/wp-json\/wp\/v2\/pages"}],"about":[{"href":"https:\/\/latidosfotografiayvideo.com\/index.php\/wp-json\/wp\/v2\/types\/page"}],"author":[{"embeddable":true,"href":"https:\/\/latidosfotografiayvideo.com\/index.php\/wp-json\/wp\/v2\/users\/1"}],"replies":[{"embeddable":true,"href":"https:\/\/latidosfotografiayvideo.com\/index.php\/wp-json\/wp\/v2\/comments?post=6"}],"version-history":[{"count":27,"href":"https:\/\/latidosfotografiayvideo.com\/index.php\/wp-json\/wp\/v2\/pages\/6\/revisions"}],"predecessor-version":[{"id":378,"href":"https:\/\/latidosfotografiayvideo.com\/index.php\/wp-json\/wp\/v2\/pages\/6\/revisions\/378"}],"wp:attachment":[{"href":"https:\/\/latidosfotografiayvideo.com\/index.php\/wp-json\/wp\/v2\/media?parent=6"}],"curies":[{"name":"wp","href":"https:\/\/api.w.org\/{rel}","templated":true}]}}