{"id":7,"date":"2023-05-30T23:11:10","date_gmt":"2023-05-30T23:11:10","guid":{"rendered":"https:\/\/latidosfotografiayvideo.com\/?page_id=7"},"modified":"2025-11-14T00:00:47","modified_gmt":"2025-11-14T00:00:47","slug":"acerca-de","status":"publish","type":"page","link":"https:\/\/latidosfotografiayvideo.com\/index.php\/acerca-de\/","title":{"rendered":"Portfolio"},"content":{"rendered":"\n<h2 class=\"wp-block-heading has-large-font-size\" id=\"inspiro-is-a-digital-product-agency-that-focuses-on-strategy-and-design\" style=\"font-style:normal;font-weight:100\">En tu d\u00eda m\u00e1s especial, capturamos momentos llenos de amor y emoci\u00f3n. Nuestro servicio de bodas crea recuerdos eternos con un enfoque art\u00edstico y pasi\u00f3n por la fotograf\u00eda. Conf\u00eda en nosotros para contar la historia de tu amor a trav\u00e9s de im\u00e1genes impresionantes y duraderas.<\/h2>\n\n\n\n<div style=\"height:100px\" aria-hidden=\"true\" class=\"wp-block-spacer\"><\/div>\n\n\n\n<div class=\"wp-block-cover aligncenter\"><img loading=\"lazy\" decoding=\"async\" width=\"1024\" height=\"683\" class=\"wp-block-cover__image-background wp-image-50\" alt=\"\" src=\"https:\/\/latidosfotografiayvideo.com\/wp-content\/uploads\/2023\/05\/ML-0077-1024x683.jpg\" data-object-fit=\"cover\" srcset=\"https:\/\/latidosfotografiayvideo.com\/wp-content\/uploads\/2023\/05\/ML-0077-1024x683.jpg 1024w, https:\/\/latidosfotografiayvideo.com\/wp-content\/uploads\/2023\/05\/ML-0077-300x200.jpg 300w, https:\/\/latidosfotografiayvideo.com\/wp-content\/uploads\/2023\/05\/ML-0077-768x512.jpg 768w, https:\/\/latidosfotografiayvideo.com\/wp-content\/uploads\/2023\/05\/ML-0077-1536x1024.jpg 1536w, https:\/\/latidosfotografiayvideo.com\/wp-content\/uploads\/2023\/05\/ML-0077-2000x1333.jpg 2000w, https:\/\/latidosfotografiayvideo.com\/wp-content\/uploads\/2023\/05\/ML-0077.jpg 2048w\" sizes=\"auto, (max-width: 1024px) 100vw, 1024px\" \/><span aria-hidden=\"true\" class=\"wp-block-cover__background has-background-dim\"><\/span><div class=\"wp-block-cover__inner-container is-layout-flow wp-block-cover-is-layout-flow\">\n<div class=\"wp-block-group has-global-padding is-layout-constrained wp-block-group-is-layout-constrained\">\n<div class=\"wp-block-buttons is-content-justification-center is-layout-flex wp-container-core-buttons-is-layout-a89b3969 wp-block-buttons-is-layout-flex\">\n<div class=\"wp-block-button is-style-fill\"><a class=\"wp-block-button__link has-primary-color has-background-background-color has-text-color has-background has-link-color wp-element-button\" href=\"https:\/\/latidosfotografiayvideo.com\/index.php\/marta-y-luis\/\"><strong>Marta y Luis <\/strong><\/a><\/div>\n<\/div>\n<\/div>\n<\/div><\/div>\n\n\n\n<div class=\"wp-block-cover aligncenter\"><img loading=\"lazy\" decoding=\"async\" width=\"1024\" height=\"683\" class=\"wp-block-cover__image-background wp-image-61\" alt=\"\" src=\"https:\/\/latidosfotografiayvideo.com\/wp-content\/uploads\/2023\/05\/LB-0831-1024x683.jpg\" data-object-fit=\"cover\" srcset=\"https:\/\/latidosfotografiayvideo.com\/wp-content\/uploads\/2023\/05\/LB-0831-1024x683.jpg 1024w, https:\/\/latidosfotografiayvideo.com\/wp-content\/uploads\/2023\/05\/LB-0831-300x200.jpg 300w, https:\/\/latidosfotografiayvideo.com\/wp-content\/uploads\/2023\/05\/LB-0831-768x512.jpg 768w, https:\/\/latidosfotografiayvideo.com\/wp-content\/uploads\/2023\/05\/LB-0831-1536x1024.jpg 1536w, https:\/\/latidosfotografiayvideo.com\/wp-content\/uploads\/2023\/05\/LB-0831-2048x1365.jpg 2048w, https:\/\/latidosfotografiayvideo.com\/wp-content\/uploads\/2023\/05\/LB-0831-2000x1333.jpg 2000w\" sizes=\"auto, (max-width: 1024px) 100vw, 1024px\" \/><span aria-hidden=\"true\" class=\"wp-block-cover__background has-background-dim\"><\/span><div class=\"wp-block-cover__inner-container is-layout-flow wp-block-cover-is-layout-flow\">\n<p class=\"has-text-align-center\"><strong>Lara y Beto<\/strong><\/p>\n<\/div><\/div>\n\n\n\n<div class=\"wp-block-cover aligncenter\"><img loading=\"lazy\" decoding=\"async\" width=\"1024\" height=\"683\" class=\"wp-block-cover__image-background wp-image-62\" alt=\"\" src=\"https:\/\/latidosfotografiayvideo.com\/wp-content\/uploads\/2023\/05\/AD-0308-1024x683.jpg\" data-object-fit=\"cover\" srcset=\"https:\/\/latidosfotografiayvideo.com\/wp-content\/uploads\/2023\/05\/AD-0308-1024x683.jpg 1024w, https:\/\/latidosfotografiayvideo.com\/wp-content\/uploads\/2023\/05\/AD-0308-300x200.jpg 300w, https:\/\/latidosfotografiayvideo.com\/wp-content\/uploads\/2023\/05\/AD-0308-768x512.jpg 768w, https:\/\/latidosfotografiayvideo.com\/wp-content\/uploads\/2023\/05\/AD-0308-1536x1024.jpg 1536w, https:\/\/latidosfotografiayvideo.com\/wp-content\/uploads\/2023\/05\/AD-0308-2048x1365.jpg 2048w, https:\/\/latidosfotografiayvideo.com\/wp-content\/uploads\/2023\/05\/AD-0308-2000x1333.jpg 2000w\" sizes=\"auto, (max-width: 1024px) 100vw, 1024px\" \/><span aria-hidden=\"true\" class=\"wp-block-cover__background has-background-dim\"><\/span><div class=\"wp-block-cover__inner-container is-layout-flow wp-block-cover-is-layout-flow\">\n<p class=\"has-text-align-center\"><strong>Alicia y Dani<\/strong><\/p>\n<\/div><\/div>\n\n\n\n<div class=\"wp-block-cover aligncenter\"><img loading=\"lazy\" decoding=\"async\" width=\"1024\" height=\"683\" class=\"wp-block-cover__image-background wp-image-60\" alt=\"\" src=\"https:\/\/latidosfotografiayvideo.com\/wp-content\/uploads\/2023\/05\/Y7A6221-1024x683.jpg\" data-object-fit=\"cover\" srcset=\"https:\/\/latidosfotografiayvideo.com\/wp-content\/uploads\/2023\/05\/Y7A6221-1024x683.jpg 1024w, https:\/\/latidosfotografiayvideo.com\/wp-content\/uploads\/2023\/05\/Y7A6221-300x200.jpg 300w, https:\/\/latidosfotografiayvideo.com\/wp-content\/uploads\/2023\/05\/Y7A6221-768x512.jpg 768w, https:\/\/latidosfotografiayvideo.com\/wp-content\/uploads\/2023\/05\/Y7A6221-1536x1024.jpg 1536w, https:\/\/latidosfotografiayvideo.com\/wp-content\/uploads\/2023\/05\/Y7A6221-2000x1333.jpg 2000w, https:\/\/latidosfotografiayvideo.com\/wp-content\/uploads\/2023\/05\/Y7A6221.jpg 2048w\" sizes=\"auto, (max-width: 1024px) 100vw, 1024px\" \/><span aria-hidden=\"true\" class=\"wp-block-cover__background has-background-dim\"><\/span><div class=\"wp-block-cover__inner-container is-layout-flow wp-block-cover-is-layout-flow\">\n<p class=\"has-text-align-center\"><strong>\u00c1ngel y Susan<\/strong><\/p>\n<\/div><\/div>\n\n\n\n<div style=\"height:100px\" aria-hidden=\"true\" class=\"wp-block-spacer\"><\/div>\n","protected":false},"excerpt":{"rendered":"<p>En tu d\u00eda m\u00e1s especial, capturamos momentos llenos de amor y emoci\u00f3n. Nuestro servicio de bodas crea recuerdos eternos con un enfoque art\u00edstico y pasi\u00f3n por la fotograf\u00eda. Conf\u00eda en nosotros para contar la historia de tu amor a trav\u00e9s de im\u00e1genes impresionantes y duraderas.<\/p>\n","protected":false},"author":1,"featured_media":0,"parent":0,"menu_order":0,"comment_status":"closed","ping_status":"closed","template":"","meta":{"footnotes":""},"class_list":["post-7","page","type-page","status-publish","hentry"],"_links":{"self":[{"href":"https:\/\/latidosfotografiayvideo.com\/index.php\/wp-json\/wp\/v2\/pages\/7","targetHints":{"allow":["GET"]}}],"collection":[{"href":"https:\/\/latidosfotografiayvideo.com\/index.php\/wp-json\/wp\/v2\/pages"}],"about":[{"href":"https:\/\/latidosfotografiayvideo.com\/index.php\/wp-json\/wp\/v2\/types\/page"}],"author":[{"embeddable":true,"href":"https:\/\/latidosfotografiayvideo.com\/index.php\/wp-json\/wp\/v2\/users\/1"}],"replies":[{"embeddable":true,"href":"https:\/\/latidosfotografiayvideo.com\/index.php\/wp-json\/wp\/v2\/comments?post=7"}],"version-history":[{"count":12,"href":"https:\/\/latidosfotografiayvideo.com\/index.php\/wp-json\/wp\/v2\/pages\/7\/revisions"}],"predecessor-version":[{"id":179,"href":"https:\/\/latidosfotografiayvideo.com\/index.php\/wp-json\/wp\/v2\/pages\/7\/revisions\/179"}],"wp:attachment":[{"href":"https:\/\/latidosfotografiayvideo.com\/index.php\/wp-json\/wp\/v2\/media?parent=7"}],"curies":[{"name":"wp","href":"https:\/\/api.w.org\/{rel}","templated":true}]}}